{"id":1118,"date":"2013-03-16T12:34:55","date_gmt":"2013-03-16T11:34:55","guid":{"rendered":"http:\/\/mamtre.fr\/?page_id=1118"},"modified":"2022-12-29T00:13:57","modified_gmt":"2022-12-28T23:13:57","slug":"18-05-2013","status":"publish","type":"page","link":"https:\/\/mamtre.fr\/?page_id=1118","title":{"rendered":"24-05-2013 Danses et Musiques du monde \u00e0 B\u00e9d\u00e9e"},"content":{"rendered":"<p><span style=\"font-family: Arial,Helvetica,sans-serif; font-size: small;\"><span style=\"font-family: Times New Roman; font-size: medium;\">Salle Polyvalente \u00e0 B\u00e9d\u00e9e, 20h30<br \/>\n<\/span><\/span><\/p>\n","protected":false},"excerpt":{"rendered":"<p>Salle Polyvalente \u00e0 B\u00e9d\u00e9e, 20h30<\/p>\n","protected":false},"author":2,"featured_media":0,"parent":764,"menu_order":6,"comment_status":"closed","ping_status":"closed","template":"","meta":[],"_links":{"self":[{"href":"https:\/\/mamtre.fr\/index.php?rest_route=\/wp\/v2\/pages\/1118"}],"collection":[{"href":"https:\/\/mamtre.fr\/index.php?rest_route=\/wp\/v2\/pages"}],"about":[{"href":"https:\/\/mamtre.fr\/index.php?rest_route=\/wp\/v2\/types\/page"}],"author":[{"embeddable":true,"href":"https:\/\/mamtre.fr\/index.php?rest_route=\/wp\/v2\/users\/2"}],"replies":[{"embeddable":true,"href":"https:\/\/mamtre.fr\/index.php?rest_route=%2Fwp%2Fv2%2Fcomments&post=1118"}],"version-history":[{"count":6,"href":"https:\/\/mamtre.fr\/index.php?rest_route=\/wp\/v2\/pages\/1118\/revisions"}],"predecessor-version":[{"id":2458,"href":"https:\/\/mamtre.fr\/index.php?rest_route=\/wp\/v2\/pages\/1118\/revisions\/2458"}],"up":[{"embeddable":true,"href":"https:\/\/mamtre.fr\/index.php?rest_route=\/wp\/v2\/pages\/764"}],"wp:attachment":[{"href":"https:\/\/mamtre.fr\/index.php?rest_route=%2Fwp%2Fv2%2Fmedia&parent=1118"}],"curies":[{"name":"wp","href":"https:\/\/api.w.org\/{rel}","templated":true}]}}