{"id":1516,"date":"2013-03-30T15:07:13","date_gmt":"2013-03-30T14:07:13","guid":{"rendered":"http:\/\/mamtre.fr\/?page_id=1516"},"modified":"2013-03-31T14:00:06","modified_gmt":"2013-03-31T13:00:06","slug":"nhan-dip-le-paques","status":"publish","type":"page","link":"https:\/\/mamtre.fr\/?page_id=1516","title":{"rendered":"Nh\u00e2n d\u1ecbp l\u1ec5 P\u00e2ques"},"content":{"rendered":"<p><span style=\"font-size: 16px;\"><b>Nh\u1eefng qu\u1ea3 tim b\u1eb1ng chocolat<\/b><\/span><\/p>\n<p>&nbsp;<\/p>\n<p style=\"text-align: center;\">C\u1ea3m \u01a1n em,<\/p>\n<p style=\"text-align: center;\">C\u1ea3m \u01a1n em nh\u1eefng qu\u1ea3 tim xinh x\u1eafn<\/p>\n<p style=\"text-align: center;\">\u00a0\u00a0\u00a0\u00a0 Nh\u01b0ng em h\u1ee1i anh kh\u1ebd n\u00f3i em r\u1eb1ng<\/p>\n<p style=\"text-align: center;\">\u00a0\u00a0\u00a0\u00a0\u00a0\u00a0\u00a0\u00a0\u00a0 \u0102n tuy ng\u1ecdt nh\u01b0ng anh c\u0169ng th\u1ea5y \u0111\u1eafng<\/p>\n<p style=\"text-align: center;\">C\u00f3 ph\u1ea3i\u2026<\/p>\n<p style=\"text-align: center;\">Ng\u1ecdt v\u00ec l\u00f2ng em? \u0111\u1eafng b\u1edfi d\u00f2ng \u0111\u1eddi?<\/p>\n<p style=\"text-align: center;\">T\u00ecnh y\u00eau em h\u1ee1i bi\u1ebft \u0111\u00e2u l\u00e0 n\u01a1i<\/p>\n<p style=\"text-align: center;\">\u0110\u1ec3 anh y\u00ean l\u00f2ng m\u00e0 tim trao g\u1edfi<\/p>\n<p style=\"text-align: center;\">\u00a0N\u1ea7y em,<\/p>\n<p style=\"text-align: center;\">M\u1ed9t tr\u00e1i tim \u0111\u1ee7 l\u00e0m anh b\u00ed l\u1ed1i<\/p>\n<p style=\"text-align: center;\">Nhi\u1ec1u qu\u00e1 l\u00e0m anh l\u1ea1c h\u01b0\u1edbng m\u1ea5t th\u00f4i<\/p>\n<p style=\"text-align: center;\">Tim anh y\u1ebfu em \u01a1i ch\u1edb r\u00e9o g\u1ecdi<\/p>\n<p style=\"text-align: center;\">G\u1ecdi ho\u00e0i anh s\u1ebd&#8230; <em>tr\u1ed1n m\u1ea5t <\/em>cho coi<\/p>\n<p style=\"text-align: center;\">**************<\/p>\n<p style=\"text-align: center;\">C\u1ea3m \u01a1n chi,<\/p>\n<p style=\"text-align: center;\">C\u1ea3m \u01a1n chi m\u1ed9t m\u00f3n qu\u00e0 nh\u1ecf nhoi<\/p>\n<p style=\"text-align: center;\">\u0110\u00e1y l\u00f2ng em \u0111\u00f3 xin anh h\u00e3y soi<\/p>\n<p style=\"text-align: center;\">V\u00ec th\u01b0\u01a1ng&#8230;. n\u00ean l\u1ea5y bi\u1ebfu cho r\u1ed3i!<\/p>\n<p style=\"text-align: center;\">Qu\u00e0 \u0111\u00f3&#8230;<\/p>\n<p style=\"text-align: center;\">\u0110\u00e3 \u0103n h\u1ebft r\u1ed3i? \u1ed2, sao qu\u00e1 v\u1ed9i!<\/p>\n<p style=\"text-align: center;\">Th\u1ea5y v\u1eady \u0111\u00e0nh n\u00f3i cho anh bi\u1ebft v\u1ed9i<\/p>\n<p style=\"text-align: center;\">\u00d4ng \u01a1i, qu\u00e0 \u0111\u00f3 \u0111\u00e3 H\u1ebft H\u1ea1n r\u1ed3i&#8230;<\/p>\n<p style=\"text-align: center;\">\u00a0Anh h\u1ea3?<\/p>\n<p style=\"text-align: center;\">Th\u1eadt thi\u1ec7t mu\u1ed1n tr\u1ed1n? tr\u1ed1n \u0111\u00e2u cho kh\u1ecfi!<\/p>\n<p style=\"text-align: center;\">Kh\u00f4ng t\u00ecm c\u0169ng bi\u1ebft \u0111i\u1ec3m \u00d4ng \u0111\u1ebfn r\u1ed3i<\/p>\n<p style=\"text-align: center;\">Gi\u1edd \u00d4ng ch\u1ec9 t\u1ecda&#8230;. \u1edf <em>n\u01a1i \u1ea5y<\/em> th\u00f4i<\/p>\n<p style=\"text-align: center;\">V\u1eady m\u00e0 c\u1ee9 ng\u1ee1 ai \u0111\u00f3 r\u00e9o g\u1ecdi&#8230;<\/p>\n<p style=\"text-align: left;\">Ch\u1ec9nh l\u1ea1i \u0111\u00f4i ch\u00fat v\u00e0 \u0111\u0103ng l\u00ean \u0111\u1ec3 \u0111\u1ecdc cho vui.<\/p>\n<p style=\"text-align: left;\">Joyeuses P\u00e2ques!<\/p>\n","protected":false},"excerpt":{"rendered":"<p>Nh\u1eefng qu\u1ea3 tim b\u1eb1ng chocolat &nbsp; C\u1ea3m \u01a1n em, C\u1ea3m \u01a1n em nh\u1eefng qu\u1ea3 tim xinh x\u1eafn \u00a0\u00a0\u00a0\u00a0 Nh\u01b0ng em h\u1ee1i anh kh\u1ebd n\u00f3i em r\u1eb1ng \u00a0\u00a0\u00a0\u00a0\u00a0\u00a0\u00a0\u00a0\u00a0 \u0102n tuy ng\u1ecdt nh\u01b0ng anh c\u0169ng th\u1ea5y \u0111\u1eafng C\u00f3 ph\u1ea3i\u2026 Ng\u1ecdt v\u00ec l\u00f2ng em? \u0111\u1eafng b\u1edfi d\u00f2ng \u0111\u1eddi? T\u00ecnh y\u00eau em h\u1ee1i bi\u1ebft \u0111\u00e2u l\u00e0 n\u01a1i \u0110\u1ec3 anh [&hellip;]<\/p>\n","protected":false},"author":2,"featured_media":0,"parent":775,"menu_order":0,"comment_status":"open","ping_status":"open","template":"","meta":[],"_links":{"self":[{"href":"https:\/\/mamtre.fr\/index.php?rest_route=\/wp\/v2\/pages\/1516"}],"collection":[{"href":"https:\/\/mamtre.fr\/index.php?rest_route=\/wp\/v2\/pages"}],"about":[{"href":"https:\/\/mamtre.fr\/index.php?rest_route=\/wp\/v2\/types\/page"}],"author":[{"embeddable":true,"href":"https:\/\/mamtre.fr\/index.php?rest_route=\/wp\/v2\/users\/2"}],"replies":[{"embeddable":true,"href":"https:\/\/mamtre.fr\/index.php?rest_route=%2Fwp%2Fv2%2Fcomments&post=1516"}],"version-history":[{"count":10,"href":"https:\/\/mamtre.fr\/index.php?rest_route=\/wp\/v2\/pages\/1516\/revisions"}],"predecessor-version":[{"id":1525,"href":"https:\/\/mamtre.fr\/index.php?rest_route=\/wp\/v2\/pages\/1516\/revisions\/1525"}],"up":[{"embeddable":true,"href":"https:\/\/mamtre.fr\/index.php?rest_route=\/wp\/v2\/pages\/775"}],"wp:attachment":[{"href":"https:\/\/mamtre.fr\/index.php?rest_route=%2Fwp%2Fv2%2Fmedia&parent=1516"}],"curies":[{"name":"wp","href":"https:\/\/api.w.org\/{rel}","templated":true}]}}