{"id":1580,"date":"2013-04-09T23:05:57","date_gmt":"2013-04-09T22:05:57","guid":{"rendered":"http:\/\/mamtre.fr\/?page_id=1580"},"modified":"2022-12-29T00:14:58","modified_gmt":"2022-12-28T23:14:58","slug":"20-04-2013-dan-tranh-cithare-vietnamienne","status":"publish","type":"page","link":"https:\/\/mamtre.fr\/?page_id=1580","title":{"rendered":"20-04-2013 \u0111\u00e0n tranh &#8211; cithare vietnamienne"},"content":{"rendered":"<p>Bonjour,<\/p>\n<p>Nous vous informons que le samedi 20\/04\/2013 \u00e0 14h00 aura lieu l&rsquo;initiation de \u00ab\u00a0\u0111\u00e0n tranh\u00a0\u00bb l\u2019instrument traditionnel vietnamien au CCBR, 2 rue des Veyettes, Rennes.<br \/>\nCette rencontre avec une enseignante nous permettra de d\u00e9couvrir la pratique de cet instrument et donner une id\u00e9e plus pr\u00e9cise \u00e0 ceux qui aimeraient prendre les cours, il y aura \u00e9galement \u00ab\u00a0\u0111\u00e0n b\u1ea7u\u00a0\u00bb le monocorde .<\/p>\n<p>La participation par famille est de 5 Euros.<\/p>\n<p>Merci de diffuser ce message \u00e0 ceux qui peuvent \u00eatre int\u00e9ress\u00e9s.<\/p>\n<p>Renseignement et inscription\u00a0: associationmamtre@yahoo.fr<\/p>\n<p>Cordialement,<\/p>\n<p>********<\/p>\n<p>K\u00ednh th\u01b0a qu\u00fd b\u00e1c c\u00f4 ch\u00fa v\u00e0 anh ch\u1ecb em,<\/p>\n<p>H\u1ed9i M\u1ea7m Tr\u1ebb xin th\u00f4ng b\u00e1o qu\u00fd v\u1ecb r\u1eb1ng th\u1ee9 b\u1ea3y ng\u00e0y 20\/04\/2013 v\u00e0o 14h00 c\u00f3 m\u1ed9t bu\u1ed5i ti\u1ebfp c\u1eadn v\u1ec1 \u0111\u00e0n tranh t\u1ea1i CCBR, 2 rue des Veyettes, Rennes.<\/p>\n<p>Bu\u1ed5i g\u1eb7p m\u1eb7t v\u1edbi m\u1ed9t c\u00f4 gi\u00e1o s\u1ebd cho ch\u00fang ta bi\u1ebft th\u00eam v\u1ec1 nh\u1ea1c c\u1ee5 n\u1ea7y, c\u0169ng s\u1ebd c\u00f3 \u0111\u00e0n b\u1ea7u, v\u00e0 \u0111\u1ed3ng th\u1eddi mang \u0111\u1ebfn \u00fd \u0111\u1ecbnh r\u00f5 h\u01a1n cho nh\u1eefng ng\u01b0\u1eddi c\u00f3 \u00fd mu\u1ed1n h\u1ecdc.<\/p>\n<p>Tham gia m\u1ed7i gia \u0111\u00ecnh l\u00e0 5 Euros.<\/p>\n<p>Xin qu\u00fd v\u1ecb ph\u1ed5 bi\u1ebfn d\u00f9m tin <strong><span style=\"font-size: 12px;\">n\u1ea7y<\/span><\/strong> \u0111\u1ebfn nh\u1eefng ng\u01b0\u1eddi mu\u1ed1n bi\u1ebft.<\/p>\n<p>M\u1ecdi li\u00ean l\u1ea1c v\u00e0 \u0111\u0103ng k\u00fd\u00a0: associationmamtre@yahoo.fr<\/p>\n<p>Xin k\u00ednh ch\u00e0o<\/p>\n","protected":false},"excerpt":{"rendered":"<p>Bonjour, Nous vous informons que le samedi 20\/04\/2013 \u00e0 14h00 aura lieu l&rsquo;initiation de \u00ab\u00a0\u0111\u00e0n tranh\u00a0\u00bb l\u2019instrument traditionnel vietnamien au CCBR, 2 rue des Veyettes, Rennes. Cette rencontre avec une enseignante nous permettra de d\u00e9couvrir la pratique de cet instrument et donner une id\u00e9e plus pr\u00e9cise \u00e0 ceux qui aimeraient prendre les cours, il y [&hellip;]<\/p>\n","protected":false},"author":2,"featured_media":0,"parent":778,"menu_order":1,"comment_status":"closed","ping_status":"closed","template":"","meta":[],"_links":{"self":[{"href":"https:\/\/mamtre.fr\/index.php?rest_route=\/wp\/v2\/pages\/1580"}],"collection":[{"href":"https:\/\/mamtre.fr\/index.php?rest_route=\/wp\/v2\/pages"}],"about":[{"href":"https:\/\/mamtre.fr\/index.php?rest_route=\/wp\/v2\/types\/page"}],"author":[{"embeddable":true,"href":"https:\/\/mamtre.fr\/index.php?rest_route=\/wp\/v2\/users\/2"}],"replies":[{"embeddable":true,"href":"https:\/\/mamtre.fr\/index.php?rest_route=%2Fwp%2Fv2%2Fcomments&post=1580"}],"version-history":[{"count":6,"href":"https:\/\/mamtre.fr\/index.php?rest_route=\/wp\/v2\/pages\/1580\/revisions"}],"predecessor-version":[{"id":2455,"href":"https:\/\/mamtre.fr\/index.php?rest_route=\/wp\/v2\/pages\/1580\/revisions\/2455"}],"up":[{"embeddable":true,"href":"https:\/\/mamtre.fr\/index.php?rest_route=\/wp\/v2\/pages\/778"}],"wp:attachment":[{"href":"https:\/\/mamtre.fr\/index.php?rest_route=%2Fwp%2Fv2%2Fmedia&parent=1580"}],"curies":[{"name":"wp","href":"https:\/\/api.w.org\/{rel}","templated":true}]}}