{"id":1592,"date":"2013-04-10T20:30:41","date_gmt":"2013-04-10T19:30:41","guid":{"rendered":"http:\/\/mamtre.fr\/?page_id=1592"},"modified":"2022-12-29T00:11:56","modified_gmt":"2022-12-28T23:11:56","slug":"mua-khuc-ca-dong-thap","status":"publish","type":"page","link":"https:\/\/mamtre.fr\/?page_id=1592","title":{"rendered":"T\u1ebft 19-2-2005 (M\u00faa &#8211; Kh\u00fac Ca \u0110\u1ed3ng Th\u00e1p)"},"content":{"rendered":"<p><a href=\"https:\/\/mamtre.fr\/wp-content\/uploads\/2013\/04\/Khuc-ca-Dong-Thap.mp4\">Khuc ca Dong Thap<\/a><\/p>\n","protected":false},"excerpt":{"rendered":"<p>Khuc ca Dong Thap<\/p>\n","protected":false},"author":1,"featured_media":0,"parent":772,"menu_order":0,"comment_status":"closed","ping_status":"closed","template":"","meta":[],"_links":{"self":[{"href":"https:\/\/mamtre.fr\/index.php?rest_route=\/wp\/v2\/pages\/1592"}],"collection":[{"href":"https:\/\/mamtre.fr\/index.php?rest_route=\/wp\/v2\/pages"}],"about":[{"href":"https:\/\/mamtre.fr\/index.php?rest_route=\/wp\/v2\/types\/page"}],"author":[{"embeddable":true,"href":"https:\/\/mamtre.fr\/index.php?rest_route=\/wp\/v2\/users\/1"}],"replies":[{"embeddable":true,"href":"https:\/\/mamtre.fr\/index.php?rest_route=%2Fwp%2Fv2%2Fcomments&post=1592"}],"version-history":[{"count":9,"href":"https:\/\/mamtre.fr\/index.php?rest_route=\/wp\/v2\/pages\/1592\/revisions"}],"predecessor-version":[{"id":1597,"href":"https:\/\/mamtre.fr\/index.php?rest_route=\/wp\/v2\/pages\/1592\/revisions\/1597"}],"up":[{"embeddable":true,"href":"https:\/\/mamtre.fr\/index.php?rest_route=\/wp\/v2\/pages\/772"}],"wp:attachment":[{"href":"https:\/\/mamtre.fr\/index.php?rest_route=%2Fwp%2Fv2%2Fmedia&parent=1592"}],"curies":[{"name":"wp","href":"https:\/\/api.w.org\/{rel}","templated":true}]}}