{"id":1682,"date":"2013-05-18T08:57:12","date_gmt":"2013-05-18T07:57:12","guid":{"rendered":"http:\/\/mamtre.fr\/?page_id=1682"},"modified":"2022-12-20T22:23:46","modified_gmt":"2022-12-20T21:23:46","slug":"fetes-lunaires-le-am-lich","status":"publish","type":"page","link":"https:\/\/mamtre.fr\/?page_id=1682","title":{"rendered":"F\u00eates lunaires &#8211; L\u1ec5 \u00e2m l\u1ecbch"},"content":{"rendered":"\n<p><a href=\"https:\/\/www.calendrier-lunaire.fr\" title=\"Calendrier Lunaire\"><img decoding=\"async\" src=\"https:\/\/www.calendrier-lunaire.fr\/api\/moon.php?font=FFFFFF&amp;bg=24405D&amp;border=000000&amp;format=2\" alt=\"Calendrier Lunaire\"><\/a><\/p>\n\n\n\n<p><strong>Prochaines dates du Nouvel An Vietnamien :<\/strong><\/p>\n\n\n\n<ul>\n<li>Dimanche 22 janvier 2023 : ann\u00e9e du Chat &#8211; Qu\u00fd M\u00e3o<\/li>\n\n\n\n<li>Samedi 10 f\u00e9vrier 2024 : ann\u00e9e du Dragon &#8211; Gi\u00e1p Th\u00ecn<\/li>\n\n\n\n<li>Mercredi 29 janvier 2025 : ann\u00e9e du Serpent &#8211; \u1ea4t T\u1ef5<\/li>\n\n\n\n<li>Mardi 17 f\u00e9vrier 2026 : ann\u00e9e du Cheval &#8211; B\u00ednh Ng\u1ecd<\/li>\n<\/ul>\n\n\n\n<p><a href=\"https:\/\/mamtre.fr\/wp-content\/uploads\/2013\/05\/F\u00eates-lunaires.pdf\">F\u00eates lunaires (lien)<\/a><\/p>\n","protected":false},"excerpt":{"rendered":"<p>Prochaines dates du Nouvel An Vietnamien : F\u00eates lunaires (lien)<\/p>\n","protected":false},"author":2,"featured_media":0,"parent":0,"menu_order":1,"comment_status":"closed","ping_status":"closed","template":"","meta":[],"_links":{"self":[{"href":"https:\/\/mamtre.fr\/index.php?rest_route=\/wp\/v2\/pages\/1682"}],"collection":[{"href":"https:\/\/mamtre.fr\/index.php?rest_route=\/wp\/v2\/pages"}],"about":[{"href":"https:\/\/mamtre.fr\/index.php?rest_route=\/wp\/v2\/types\/page"}],"author":[{"embeddable":true,"href":"https:\/\/mamtre.fr\/index.php?rest_route=\/wp\/v2\/users\/2"}],"replies":[{"embeddable":true,"href":"https:\/\/mamtre.fr\/index.php?rest_route=%2Fwp%2Fv2%2Fcomments&post=1682"}],"version-history":[{"count":10,"href":"https:\/\/mamtre.fr\/index.php?rest_route=\/wp\/v2\/pages\/1682\/revisions"}],"predecessor-version":[{"id":2495,"href":"https:\/\/mamtre.fr\/index.php?rest_route=\/wp\/v2\/pages\/1682\/revisions\/2495"}],"wp:attachment":[{"href":"https:\/\/mamtre.fr\/index.php?rest_route=%2Fwp%2Fv2%2Fmedia&parent=1682"}],"curies":[{"name":"wp","href":"https:\/\/api.w.org\/{rel}","templated":true}]}}