{"id":1727,"date":"2013-05-25T06:35:16","date_gmt":"2013-05-25T05:35:16","guid":{"rendered":"http:\/\/mamtre.fr\/?page_id=1727"},"modified":"2013-05-25T23:22:15","modified_gmt":"2013-05-25T22:22:15","slug":"merci","status":"publish","type":"page","link":"https:\/\/mamtre.fr\/?page_id=1727","title":{"rendered":"Merci"},"content":{"rendered":"<p><em><strong><a href=\"https:\/\/mamtre.fr\/wp-content\/uploads\/2013\/03\/roses-rouges.jpg\"><img decoding=\"async\" loading=\"lazy\" class=\"aligncenter\" alt=\"roses-rouges\" src=\"https:\/\/mamtre.fr\/wp-content\/uploads\/2013\/03\/roses-rouges-150x150.jpg\" width=\"150\" height=\"150\" \/><\/a><\/strong><\/em><em><strong>Merci, merci \u00e0 tout le monde<\/strong><\/em><\/p>\n<p><em><strong>Du plus grand au plus petit<\/strong><\/em><\/p>\n<p><em><strong>D&rsquo;avoir <em><strong>beaucoup <\/strong><\/em>particip\u00e9 ou m\u00eame un peu<\/strong><\/em><\/p>\n<p><em><strong>Depuis les premiers jours des premiers pas de Mam Tre<\/strong><\/em><\/p>\n<p><strong><span style=\"font-size: 12px; color: #ff0000;\"><em>Chaque pr\u00e9sence suppl\u00e9mentaire ajoutera davantage de plaisir<\/em><\/span><\/strong><\/p>\n<p><strong><span style=\"font-size: 12px; color: #ff0000;\"><em>Chaque nouvelle participation renforcera tout autant l&rsquo;association<br \/>\n<\/em><\/span><\/strong><\/p>\n<p><span style=\"color: #ff0000;\"><strong>Merci pour votre participation et votre soutien<\/strong><\/span><\/p>\n<p><em><strong>Mam Tre<\/strong><\/em><\/p>\n","protected":false},"excerpt":{"rendered":"<p>Merci, merci \u00e0 tout le monde Du plus grand au plus petit D&rsquo;avoir beaucoup particip\u00e9 ou m\u00eame un peu Depuis les premiers jours des premiers pas de Mam Tre Chaque pr\u00e9sence suppl\u00e9mentaire ajoutera davantage de plaisir Chaque nouvelle participation renforcera tout autant l&rsquo;association Merci pour votre participation et votre soutien Mam Tre<\/p>\n","protected":false},"author":2,"featured_media":0,"parent":1057,"menu_order":0,"comment_status":"closed","ping_status":"open","template":"","meta":[],"_links":{"self":[{"href":"https:\/\/mamtre.fr\/index.php?rest_route=\/wp\/v2\/pages\/1727"}],"collection":[{"href":"https:\/\/mamtre.fr\/index.php?rest_route=\/wp\/v2\/pages"}],"about":[{"href":"https:\/\/mamtre.fr\/index.php?rest_route=\/wp\/v2\/types\/page"}],"author":[{"embeddable":true,"href":"https:\/\/mamtre.fr\/index.php?rest_route=\/wp\/v2\/users\/2"}],"replies":[{"embeddable":true,"href":"https:\/\/mamtre.fr\/index.php?rest_route=%2Fwp%2Fv2%2Fcomments&post=1727"}],"version-history":[{"count":4,"href":"https:\/\/mamtre.fr\/index.php?rest_route=\/wp\/v2\/pages\/1727\/revisions"}],"predecessor-version":[{"id":1735,"href":"https:\/\/mamtre.fr\/index.php?rest_route=\/wp\/v2\/pages\/1727\/revisions\/1735"}],"up":[{"embeddable":true,"href":"https:\/\/mamtre.fr\/index.php?rest_route=\/wp\/v2\/pages\/1057"}],"wp:attachment":[{"href":"https:\/\/mamtre.fr\/index.php?rest_route=%2Fwp%2Fv2%2Fmedia&parent=1727"}],"curies":[{"name":"wp","href":"https:\/\/api.w.org\/{rel}","templated":true}]}}