{"id":2435,"date":"2022-12-20T19:01:58","date_gmt":"2022-12-20T18:01:58","guid":{"rendered":"https:\/\/mamtre.fr\/?page_id=2435"},"modified":"2022-12-21T20:39:21","modified_gmt":"2022-12-21T19:39:21","slug":"association-mam-tre","status":"publish","type":"page","link":"https:\/\/mamtre.fr\/?page_id=2435","title":{"rendered":"Association M\u1ea7m Tr\u1ebb"},"content":{"rendered":"\n<div class=\"is-layout-flex wp-container-4 wp-block-columns\">\n<div class=\"is-layout-flow wp-block-column\">\n<ul class=\"is-layout-flex wp-block-social-links aligncenter\"><li class=\"wp-social-link wp-social-link-facebook wp-block-social-link\"><a href=\"https:\/\/www.facebook.com\/mamtre.fr\"  class=\"wp-block-social-link-anchor\"><svg width=\"24\" height=\"24\" viewBox=\"0 0 24 24\" version=\"1.1\" xmlns=\"http:\/\/www.w3.org\/2000\/svg\" aria-hidden=\"true\" focusable=\"false\"><path d=\"M12 2C6.5 2 2 6.5 2 12c0 5 3.7 9.1 8.4 9.9v-7H7.9V12h2.5V9.8c0-2.5 1.5-3.9 3.8-3.9 1.1 0 2.2.2 2.2.2v2.5h-1.3c-1.2 0-1.6.8-1.6 1.6V12h2.8l-.4 2.9h-2.3v7C18.3 21.1 22 17 22 12c0-5.5-4.5-10-10-10z\"><\/path><\/svg><span class=\"wp-block-social-link-label screen-reader-text\">https:\/\/www.facebook.com\/mamtre.fr<\/span><\/a><\/li><\/ul>\n<\/div>\n\n\n\n<div class=\"is-layout-flow wp-block-column\">\n<p><a href=\"https:\/\/www.facebook.com\/mamtre.fr\">https:\/\/www.facebook.com\/mamtre.fr<\/a><\/p>\n<\/div>\n<\/div>\n\n\n\n<div class=\"is-layout-flex wp-container-8 wp-block-columns\">\n<div class=\"is-layout-flow wp-block-column\"><ul class=\"wp-block-categories-list wp-block-categories\">\t<li class=\"cat-item cat-item-57\"><a href=\"https:\/\/mamtre.fr\/?cat=57\">Activites<\/a> (12)\n<\/li>\n\t<li class=\"cat-item cat-item-1\"><a href=\"https:\/\/mamtre.fr\/?cat=1\">Information<\/a> (10)\n<\/li>\n\t<li class=\"cat-item cat-item-52\"><a href=\"https:\/\/mamtre.fr\/?cat=52\">Les \u00e9crits<\/a> (5)\n<\/li>\n<\/ul><\/div>\n\n\n\n<div class=\"is-layout-flow wp-block-column\"><div class=\" wp-block-archives-dropdown wp-block-archives\"><label for=\"wp-block-archives-6\" class=\"wp-block-archives__label\">Archives<\/label>\n\t\t<select id=\"wp-block-archives-6\" name=\"archive-dropdown\" onchange=\"document.location.href=this.options[this.selectedIndex].value;\">\n\t\t<option value=\"\">S\u00e9lectionner un mois<\/option>\t<option value='https:\/\/mamtre.fr\/?m=202212'> d\u00e9cembre 2022 &nbsp;(2)<\/option>\n\t<option value='https:\/\/mamtre.fr\/?m=202002'> f\u00e9vrier 2020 &nbsp;(1)<\/option>\n\t<option value='https:\/\/mamtre.fr\/?m=201902'> f\u00e9vrier 2019 &nbsp;(1)<\/option>\n\t<option value='https:\/\/mamtre.fr\/?m=201704'> avril 2017 &nbsp;(1)<\/option>\n\t<option value='https:\/\/mamtre.fr\/?m=201602'> f\u00e9vrier 2016 &nbsp;(1)<\/option>\n\t<option value='https:\/\/mamtre.fr\/?m=201601'> janvier 2016 &nbsp;(5)<\/option>\n\t<option value='https:\/\/mamtre.fr\/?m=201507'> juillet 2015 &nbsp;(4)<\/option>\n\t<option value='https:\/\/mamtre.fr\/?m=201502'> f\u00e9vrier 2015 &nbsp;(1)<\/option>\n\t<option value='https:\/\/mamtre.fr\/?m=201409'> septembre 2014 &nbsp;(3)<\/option>\n\t<option value='https:\/\/mamtre.fr\/?m=201402'> f\u00e9vrier 2014 &nbsp;(1)<\/option>\n\t<option value='https:\/\/mamtre.fr\/?m=201401'> janvier 2014 &nbsp;(1)<\/option>\n\t<option value='https:\/\/mamtre.fr\/?m=201311'> novembre 2013 &nbsp;(1)<\/option>\n\t<option value='https:\/\/mamtre.fr\/?m=201309'> septembre 2013 &nbsp;(2)<\/option>\n\t<option value='https:\/\/mamtre.fr\/?m=201305'> mai 2013 &nbsp;(2)<\/option>\n\t<option value='https:\/\/mamtre.fr\/?m=201303'> mars 2013 &nbsp;(1)<\/option>\n<\/select><\/div><\/div>\n<\/div>\n\n\n\n<div class=\"is-nowrap is-layout-flex wp-container-9 wp-block-group\"><ul class=\"wp-block-latest-posts__list has-dates wp-block-latest-posts\"><li><a class=\"wp-block-latest-posts__post-title\" href=\"https:\/\/mamtre.fr\/?p=2515\">(pas de titre)<\/a><time datetime=\"2022-12-25T11:22:35+01:00\" class=\"wp-block-latest-posts__post-date\">25 d\u00e9cembre 2022<\/time><\/li>\n<li><a class=\"wp-block-latest-posts__post-title\" href=\"https:\/\/mamtre.fr\/?p=2414\">Bonnes f\u00eates de fin d&rsquo;ann\u00e9e<\/a><time datetime=\"2022-12-20T17:37:18+01:00\" class=\"wp-block-latest-posts__post-date\">20 d\u00e9cembre 2022<\/time><\/li>\n<li><a class=\"wp-block-latest-posts__post-title\" href=\"https:\/\/mamtre.fr\/?p=2381\">BONNE ANNEE 2020<\/a><time datetime=\"2020-02-05T00:12:57+01:00\" class=\"wp-block-latest-posts__post-date\">5 f\u00e9vrier 2020<\/time><\/li>\n<li><a class=\"wp-block-latest-posts__post-title\" href=\"https:\/\/mamtre.fr\/?p=2374\">F\u00eate du nouvel an vietnamien 2019 \u00e0 Saint-Gilles \/ T\u1ebft Nguy\u00ean \u00d0\u00e1n 2019 t\u1ea1i Saint -Gilles<\/a><time datetime=\"2019-02-08T20:28:15+01:00\" class=\"wp-block-latest-posts__post-date\">8 f\u00e9vrier 2019<\/time><\/li>\n<li><a class=\"wp-block-latest-posts__post-title\" href=\"https:\/\/mamtre.fr\/?p=2359\">Activit\u00e9s d\u2019Avril 2017 &#8211; Ch\u01b0\u01a1ng Tr\u00ecnh Th\u00e1ng T\u01b0 2017<\/a><time datetime=\"2017-04-05T01:01:29+01:00\" class=\"wp-block-latest-posts__post-date\">5 avril 2017<\/time><\/li>\n<\/ul><\/div>\n","protected":false},"excerpt":{"rendered":"<p>https:\/\/www.facebook.com\/mamtre.fr<\/p>\n","protected":false},"author":1,"featured_media":0,"parent":0,"menu_order":0,"comment_status":"closed","ping_status":"closed","template":"","meta":[],"_links":{"self":[{"href":"https:\/\/mamtre.fr\/index.php?rest_route=\/wp\/v2\/pages\/2435"}],"collection":[{"href":"https:\/\/mamtre.fr\/index.php?rest_route=\/wp\/v2\/pages"}],"about":[{"href":"https:\/\/mamtre.fr\/index.php?rest_route=\/wp\/v2\/types\/page"}],"author":[{"embeddable":true,"href":"https:\/\/mamtre.fr\/index.php?rest_route=\/wp\/v2\/users\/1"}],"replies":[{"embeddable":true,"href":"https:\/\/mamtre.fr\/index.php?rest_route=%2Fwp%2Fv2%2Fcomments&post=2435"}],"version-history":[{"count":16,"href":"https:\/\/mamtre.fr\/index.php?rest_route=\/wp\/v2\/pages\/2435\/revisions"}],"predecessor-version":[{"id":2498,"href":"https:\/\/mamtre.fr\/index.php?rest_route=\/wp\/v2\/pages\/2435\/revisions\/2498"}],"wp:attachment":[{"href":"https:\/\/mamtre.fr\/index.php?rest_route=%2Fwp%2Fv2%2Fmedia&parent=2435"}],"curies":[{"name":"wp","href":"https:\/\/api.w.org\/{rel}","templated":true}]}}