{"id":766,"date":"2013-03-02T17:18:45","date_gmt":"2013-03-02T16:18:45","guid":{"rendered":"http:\/\/mamtre.fr\/?page_id=766"},"modified":"2022-12-29T00:13:03","modified_gmt":"2022-12-28T23:13:03","slug":"fete-du-nouvel-an-tet-nguyen-dan","status":"publish","type":"page","link":"https:\/\/mamtre.fr\/?page_id=766","title":{"rendered":"F\u00eate du nouvel an &#8211; T\u1ebft Nguy\u00ean \u00d0\u00e1n"},"content":{"rendered":"\n<p>En janvier ou en f\u00e9vrier chaque ann\u00e9e<\/p>\n","protected":false},"excerpt":{"rendered":"<p>En janvier ou en f\u00e9vrier chaque ann\u00e9e<\/p>\n","protected":false},"author":1,"featured_media":0,"parent":764,"menu_order":0,"comment_status":"closed","ping_status":"closed","template":"","meta":[],"_links":{"self":[{"href":"https:\/\/mamtre.fr\/index.php?rest_route=\/wp\/v2\/pages\/766"}],"collection":[{"href":"https:\/\/mamtre.fr\/index.php?rest_route=\/wp\/v2\/pages"}],"about":[{"href":"https:\/\/mamtre.fr\/index.php?rest_route=\/wp\/v2\/types\/page"}],"author":[{"embeddable":true,"href":"https:\/\/mamtre.fr\/index.php?rest_route=\/wp\/v2\/users\/1"}],"replies":[{"embeddable":true,"href":"https:\/\/mamtre.fr\/index.php?rest_route=%2Fwp%2Fv2%2Fcomments&post=766"}],"version-history":[{"count":4,"href":"https:\/\/mamtre.fr\/index.php?rest_route=\/wp\/v2\/pages\/766\/revisions"}],"predecessor-version":[{"id":2451,"href":"https:\/\/mamtre.fr\/index.php?rest_route=\/wp\/v2\/pages\/766\/revisions\/2451"}],"up":[{"embeddable":true,"href":"https:\/\/mamtre.fr\/index.php?rest_route=\/wp\/v2\/pages\/764"}],"wp:attachment":[{"href":"https:\/\/mamtre.fr\/index.php?rest_route=%2Fwp%2Fv2%2Fmedia&parent=766"}],"curies":[{"name":"wp","href":"https:\/\/api.w.org\/{rel}","templated":true}]}}