{"id":788,"date":"2013-03-02T17:33:36","date_gmt":"2013-03-02T16:33:36","guid":{"rendered":"http:\/\/mamtre.fr\/?page_id=788"},"modified":"2022-12-29T00:15:12","modified_gmt":"2022-12-28T23:15:12","slug":"groupe-des-sons-et-lumieres-nhom-am-thanh-va-anh-sang-2","status":"publish","type":"page","link":"https:\/\/mamtre.fr\/?page_id=788","title":{"rendered":"Groupe de d\u00e9coration &#8211; Nh\u00f3m trang tr\u00ed"},"content":{"rendered":"<p>Photo d&rsquo;\u00e9clairage pour le nouvel an \u00ab\u00a0T\u1ebft\u00a0\u00bb 2012<\/p>\n<p>Photo th\u1eed \u0111\u00e8n cho t\u1ebft 2012<\/p>\n<p><a href=\"https:\/\/mamtre.fr\/wp-content\/uploads\/2013\/03\/video-2012-01-13-20-44-52.mp4\">Vendredi 13-1-2012<\/a><\/p>\n<p><a href=\"https:\/\/mamtre.fr\/wp-content\/uploads\/2013\/03\/P1020694.jpg\"><img decoding=\"async\" loading=\"lazy\" class=\"aligncenter size-large wp-image-920\" alt=\"P1020694\" src=\"https:\/\/mamtre.fr\/wp-content\/uploads\/2013\/03\/P1020694-1024x768.jpg\" width=\"1024\" height=\"768\" \/><\/a><\/p>\n","protected":false},"excerpt":{"rendered":"<p>Photo d&rsquo;\u00e9clairage pour le nouvel an \u00ab\u00a0T\u1ebft\u00a0\u00bb 2012 Photo th\u1eed \u0111\u00e8n cho t\u1ebft 2012 Vendredi 13-1-2012<\/p>\n","protected":false},"author":1,"featured_media":0,"parent":2,"menu_order":4,"comment_status":"closed","ping_status":"closed","template":"","meta":[],"_links":{"self":[{"href":"https:\/\/mamtre.fr\/index.php?rest_route=\/wp\/v2\/pages\/788"}],"collection":[{"href":"https:\/\/mamtre.fr\/index.php?rest_route=\/wp\/v2\/pages"}],"about":[{"href":"https:\/\/mamtre.fr\/index.php?rest_route=\/wp\/v2\/types\/page"}],"author":[{"embeddable":true,"href":"https:\/\/mamtre.fr\/index.php?rest_route=\/wp\/v2\/users\/1"}],"replies":[{"embeddable":true,"href":"https:\/\/mamtre.fr\/index.php?rest_route=%2Fwp%2Fv2%2Fcomments&post=788"}],"version-history":[{"count":10,"href":"https:\/\/mamtre.fr\/index.php?rest_route=\/wp\/v2\/pages\/788\/revisions"}],"predecessor-version":[{"id":2457,"href":"https:\/\/mamtre.fr\/index.php?rest_route=\/wp\/v2\/pages\/788\/revisions\/2457"}],"up":[{"embeddable":true,"href":"https:\/\/mamtre.fr\/index.php?rest_route=\/wp\/v2\/pages\/2"}],"wp:attachment":[{"href":"https:\/\/mamtre.fr\/index.php?rest_route=%2Fwp%2Fv2%2Fmedia&parent=788"}],"curies":[{"name":"wp","href":"https:\/\/api.w.org\/{rel}","templated":true}]}}