{"id":790,"date":"2013-03-02T17:34:21","date_gmt":"2013-03-02T16:34:21","guid":{"rendered":"http:\/\/mamtre.fr\/?page_id=790"},"modified":"2022-12-29T00:15:20","modified_gmt":"2022-12-28T23:15:20","slug":"fabrication-des-lanterbes-che-tao-long-den","status":"publish","type":"page","link":"https:\/\/mamtre.fr\/?page_id=790","title":{"rendered":"Fabrication des lanternes &#8211; Ch\u1ebf t\u1ea1o l\u00f2ng \u0111\u00e8n"},"content":{"rendered":"","protected":false},"excerpt":{"rendered":"","protected":false},"author":1,"featured_media":0,"parent":788,"menu_order":0,"comment_status":"closed","ping_status":"closed","template":"","meta":[],"_links":{"self":[{"href":"https:\/\/mamtre.fr\/index.php?rest_route=\/wp\/v2\/pages\/790"}],"collection":[{"href":"https:\/\/mamtre.fr\/index.php?rest_route=\/wp\/v2\/pages"}],"about":[{"href":"https:\/\/mamtre.fr\/index.php?rest_route=\/wp\/v2\/types\/page"}],"author":[{"embeddable":true,"href":"https:\/\/mamtre.fr\/index.php?rest_route=\/wp\/v2\/users\/1"}],"replies":[{"embeddable":true,"href":"https:\/\/mamtre.fr\/index.php?rest_route=%2Fwp%2Fv2%2Fcomments&post=790"}],"version-history":[{"count":3,"href":"https:\/\/mamtre.fr\/index.php?rest_route=\/wp\/v2\/pages\/790\/revisions"}],"predecessor-version":[{"id":2456,"href":"https:\/\/mamtre.fr\/index.php?rest_route=\/wp\/v2\/pages\/790\/revisions\/2456"}],"up":[{"embeddable":true,"href":"https:\/\/mamtre.fr\/index.php?rest_route=\/wp\/v2\/pages\/788"}],"wp:attachment":[{"href":"https:\/\/mamtre.fr\/index.php?rest_route=%2Fwp%2Fv2%2Fmedia&parent=790"}],"curies":[{"name":"wp","href":"https:\/\/api.w.org\/{rel}","templated":true}]}}