{"id":796,"date":"2013-03-02T17:37:44","date_gmt":"2013-03-02T16:37:44","guid":{"rendered":"http:\/\/mamtre.fr\/?page_id=796"},"modified":"2022-12-29T00:13:45","modified_gmt":"2022-12-28T23:13:45","slug":"jour-du-cercle-volant-ngay-tha-dieu","status":"publish","type":"page","link":"https:\/\/mamtre.fr\/?page_id=796","title":{"rendered":"Jour des cercles volants &#8211; Ng\u00e0y th\u1ea3 di\u1ec1u"},"content":{"rendered":"<p>Nous aimerions pouvoir organiser une journ\u00e9e des cercles volants, si\u00a0 vous avez des id\u00e9es pour la date, l&rsquo;endroit et la fa\u00e7on \u00e0 organiser&#8230;<\/p>\n<p>Contactez nous: associationmamtre@yahoo.fr.<\/p>\n<p>&nbsp;<\/p>\n<p>M\u1ea7m Tr\u1ebb mong\u00a0c\u00f3 th\u1ec3 t\u1ed5 ch\u1ee9c \u0111\u01b0\u1ee3c m\u1ed9t ng\u00e0y th\u1ea3 di\u1ec1u, N\u1ebfu qu\u00fd v\u1ecb c\u00f3 \u00fd ki\u1ebfn v\u1ec1 ng\u00e0y gi\u1edd, \u0111\u1ecba \u0111i\u1ec3m v\u00e0 c\u00e1ch t\u1ed5 ch\u1ee9c\u2026<\/p>\n<p>Xin li\u00ean l\u1ea1c: associationmamtre@yahoo.fr.<\/p>\n","protected":false},"excerpt":{"rendered":"<p>Nous aimerions pouvoir organiser une journ\u00e9e des cercles volants, si\u00a0 vous avez des id\u00e9es pour la date, l&rsquo;endroit et la fa\u00e7on \u00e0 organiser&#8230; Contactez nous: associationmamtre@yahoo.fr. &nbsp; M\u1ea7m Tr\u1ebb mong\u00a0c\u00f3 th\u1ec3 t\u1ed5 ch\u1ee9c \u0111\u01b0\u1ee3c m\u1ed9t ng\u00e0y th\u1ea3 di\u1ec1u, N\u1ebfu qu\u00fd v\u1ecb c\u00f3 \u00fd ki\u1ebfn v\u1ec1 ng\u00e0y gi\u1edd, \u0111\u1ecba \u0111i\u1ec3m v\u00e0 c\u00e1ch t\u1ed5 ch\u1ee9c\u2026 Xin li\u00ean [&hellip;]<\/p>\n","protected":false},"author":1,"featured_media":0,"parent":764,"menu_order":5,"comment_status":"closed","ping_status":"closed","template":"","meta":[],"_links":{"self":[{"href":"https:\/\/mamtre.fr\/index.php?rest_route=\/wp\/v2\/pages\/796"}],"collection":[{"href":"https:\/\/mamtre.fr\/index.php?rest_route=\/wp\/v2\/pages"}],"about":[{"href":"https:\/\/mamtre.fr\/index.php?rest_route=\/wp\/v2\/types\/page"}],"author":[{"embeddable":true,"href":"https:\/\/mamtre.fr\/index.php?rest_route=\/wp\/v2\/users\/1"}],"replies":[{"embeddable":true,"href":"https:\/\/mamtre.fr\/index.php?rest_route=%2Fwp%2Fv2%2Fcomments&post=796"}],"version-history":[{"count":8,"href":"https:\/\/mamtre.fr\/index.php?rest_route=\/wp\/v2\/pages\/796\/revisions"}],"predecessor-version":[{"id":1125,"href":"https:\/\/mamtre.fr\/index.php?rest_route=\/wp\/v2\/pages\/796\/revisions\/1125"}],"up":[{"embeddable":true,"href":"https:\/\/mamtre.fr\/index.php?rest_route=\/wp\/v2\/pages\/764"}],"wp:attachment":[{"href":"https:\/\/mamtre.fr\/index.php?rest_route=%2Fwp%2Fv2%2Fmedia&parent=796"}],"curies":[{"name":"wp","href":"https:\/\/api.w.org\/{rel}","templated":true}]}}