{"id":8,"date":"2013-03-02T16:49:02","date_gmt":"2013-03-02T15:49:02","guid":{"rendered":"http:\/\/mamtre.fr\/?page_id=8"},"modified":"2022-12-29T00:15:43","modified_gmt":"2022-12-28T23:15:43","slug":"equipe-de-foot-doi-bong-da","status":"publish","type":"page","link":"https:\/\/mamtre.fr\/?page_id=8","title":{"rendered":"Equipe de Foot &#8211; \u0110\u1ed9i b\u00f3ng \u0111\u00e1"},"content":{"rendered":"","protected":false},"excerpt":{"rendered":"","protected":false},"author":1,"featured_media":0,"parent":2,"menu_order":8,"comment_status":"closed","ping_status":"closed","template":"","meta":[],"_links":{"self":[{"href":"https:\/\/mamtre.fr\/index.php?rest_route=\/wp\/v2\/pages\/8"}],"collection":[{"href":"https:\/\/mamtre.fr\/index.php?rest_route=\/wp\/v2\/pages"}],"about":[{"href":"https:\/\/mamtre.fr\/index.php?rest_route=\/wp\/v2\/types\/page"}],"author":[{"embeddable":true,"href":"https:\/\/mamtre.fr\/index.php?rest_route=\/wp\/v2\/users\/1"}],"replies":[{"embeddable":true,"href":"https:\/\/mamtre.fr\/index.php?rest_route=%2Fwp%2Fv2%2Fcomments&post=8"}],"version-history":[{"count":8,"href":"https:\/\/mamtre.fr\/index.php?rest_route=\/wp\/v2\/pages\/8\/revisions"}],"predecessor-version":[{"id":2441,"href":"https:\/\/mamtre.fr\/index.php?rest_route=\/wp\/v2\/pages\/8\/revisions\/2441"}],"up":[{"embeddable":true,"href":"https:\/\/mamtre.fr\/index.php?rest_route=\/wp\/v2\/pages\/2"}],"wp:attachment":[{"href":"https:\/\/mamtre.fr\/index.php?rest_route=%2Fwp%2Fv2%2Fmedia&parent=8"}],"curies":[{"name":"wp","href":"https:\/\/api.w.org\/{rel}","templated":true}]}}